{"id":46422,"date":"2025-09-28T11:35:32","date_gmt":"2025-09-28T11:35:32","guid":{"rendered":"https:\/\/www.48hopenhousebarcelona.org\/?page_id=46422"},"modified":"2025-10-09T07:13:48","modified_gmt":"2025-10-09T07:13:48","slug":"barcelona-25","status":"publish","type":"page","link":"https:\/\/www.48hopenhousebarcelona.org\/es\/barcelona-25\/","title":{"rendered":"BARCELONA"},"content":{"rendered":"\r\n\r\n\r\n<p>El festival 48h Open House BCN explica la ciudad de <strong>Barcelona<\/strong> a trav\u00e9s de la arquitectura y el urbanisme a trav\u00e9s de visitas a edificios y espacios existentes. <strong>Los\u00a0habitantes de la ciudad tienen la oportunidad de conocer qu\u00e9 pasa\u00a0detr\u00e1s de las fachas de los edificios<\/strong>\u00a0as\u00ed que se convierte en la ocasi\u00f3n de ense\u00f1ar c\u00f3mo se trabaja y disfruta de la arquitectura, de una manera original.<\/p>\r\n\r\n\r\n\r\n<p>El festival es un momento \u00fanico para <strong>disfrutar de experiencias relacionadas con el patrimonio de la ciudad<\/strong> (desde las ruinas romanas hasta la ciudad contempor\u00e1nea, pasando por edificios representativos del g\u00f3tico catal\u00e1n, el neoclasicismo, el modernismo y el movimiento moderno). En el 2025, el festival<strong> invita a explorar c\u00f3mo vivimos y percibimos el espacio a trav\u00e9s de los sentidos<\/strong>.<\/p>\r\n<p>Este a\u00f1o, destacamos la participaci\u00f3n del nuevo <a href=\"https:\/\/www.48hopenhousebarcelona.org\/es\/els-edificis\/illa-myrurgia\/\" target=\"_blank\" rel=\"noopener\"><strong>Centro de servicios sociales Sagrada Fam\u00edlia<\/strong><\/a> en el interior de la manzana de la antigua f\u00e1brica Myrurgia, la intervenci\u00f3n integral del <a href=\"https:\/\/www.48hopenhousebarcelona.org\/es\/els-edificis\/edifici-estel\/\" target=\"_blank\" rel=\"noopener\"><strong>Edificio Estel<\/strong><\/a>, el <a href=\"https:\/\/www.48hopenhousebarcelona.org\/es\/els-edificis\/palau-del-marques-dalfarras\/\" target=\"_blank\" rel=\"noopener\"><strong>Palacio del Marqu\u00e9s de Alfarr\u00e0s<\/strong><\/a> situado en el parque del Laberinto de Horta, y la<a href=\"https:\/\/www.48hopenhousebarcelona.org\/es\/els-edificis\/torre-diagonal-one\/\" target=\"_blank\" rel=\"noopener\"><strong> Torre Diagonal One<\/strong><\/a> en el F\u00f2rum.<\/p>\r\n<p>\r\n\r\n<\/p>\r\n<p>&nbsp;<\/p>\r\n<p>\r\n\r\n<\/p>\r\n<p>La programaci\u00f3n de Barcelona est\u00e1 dividida en 15 zonas:<\/p>\r\n<p>\r\n\r\n<\/p>\r\n<p>&nbsp;<\/p>\r\n<p>\r\n\r\n<\/p>\n<p>DIAGONAL &#8211; DRETA DE L&#8217;EIXAMPLE &#8211; ESQUERRA DE L&#8217;EIXAMPLE &#8211; F\u00d2RUM &#8211; GR\u00c0CIA &#8211; GUINARD\u00d3 &#8211; HORTA &#8211; LES CORTS &#8211; MONTJU\u00cfC &#8211; NOU BARRIS &#8211; SANT ANDREU &#8211; SARRI\u00c0 SANT GERVASI &#8211; CENTRE &#8211; POBLENOU &#8211; POBLESEC<\/p>\n<p>Con el soporte de:<\/p>\n<p>\n\r\n\r\n<\/p>\r\n<figure class=\"wp-block-image size-full is-resized\"><img decoding=\"async\" class=\"wp-image-52440\" style=\"object-fit: cover; width: 250px; height: 111px;\" src=\"https:\/\/www.48hopenhousebarcelona.org\/wp-content\/uploads\/2024\/10\/2logo-aj-barcelona.jpg\" alt=\"\" \/><\/figure>\r\n<p>&nbsp;<\/p>\r\n<p>&nbsp;<\/p>\r\n<p><\/p>","protected":false},"excerpt":{"rendered":"<p>El festival 48h Open House BCN explica la ciudad de Barcelona a trav\u00e9s de la arquitectura y el urbanisme a trav\u00e9s de visitas a edificios y espacios existentes. Los\u00a0habitantes de la ciudad tienen la oportunidad de conocer qu\u00e9 pasa\u00a0detr\u00e1s de las fachas de los edificios\u00a0as\u00ed que se convierte en la ocasi\u00f3n de ense\u00f1ar c\u00f3mo se [&hellip;]<\/p>\n","protected":false},"author":26,"featured_media":57071,"parent":0,"menu_order":0,"comment_status":"closed","ping_status":"closed","template":"template-novapagina.php","meta":{"_acf_changed":false,"footnotes":""},"class_list":["post-46422","page","type-page","status-publish","has-post-thumbnail","hentry"],"acf":[],"_links":{"self":[{"href":"https:\/\/www.48hopenhousebarcelona.org\/es\/wp-json\/wp\/v2\/pages\/46422","targetHints":{"allow":["GET"]}}],"collection":[{"href":"https:\/\/www.48hopenhousebarcelona.org\/es\/wp-json\/wp\/v2\/pages"}],"about":[{"href":"https:\/\/www.48hopenhousebarcelona.org\/es\/wp-json\/wp\/v2\/types\/page"}],"author":[{"embeddable":true,"href":"https:\/\/www.48hopenhousebarcelona.org\/es\/wp-json\/wp\/v2\/users\/26"}],"replies":[{"embeddable":true,"href":"https:\/\/www.48hopenhousebarcelona.org\/es\/wp-json\/wp\/v2\/comments?post=46422"}],"version-history":[{"count":16,"href":"https:\/\/www.48hopenhousebarcelona.org\/es\/wp-json\/wp\/v2\/pages\/46422\/revisions"}],"predecessor-version":[{"id":57338,"href":"https:\/\/www.48hopenhousebarcelona.org\/es\/wp-json\/wp\/v2\/pages\/46422\/revisions\/57338"}],"wp:featuredmedia":[{"embeddable":true,"href":"https:\/\/www.48hopenhousebarcelona.org\/es\/wp-json\/wp\/v2\/media\/57071"}],"wp:attachment":[{"href":"https:\/\/www.48hopenhousebarcelona.org\/es\/wp-json\/wp\/v2\/media?parent=46422"}],"curies":[{"name":"wp","href":"https:\/\/api.w.org\/{rel}","templated":true}]}}