{"id":46615,"date":"2025-09-28T11:42:23","date_gmt":"2025-09-28T11:42:23","guid":{"rendered":"https:\/\/www.48hopenhousebarcelona.org\/?page_id=46615"},"modified":"2025-10-17T07:15:02","modified_gmt":"2025-10-17T07:15:02","slug":"santa-coloma-de-gramenet-25","status":"publish","type":"page","link":"https:\/\/www.48hopenhousebarcelona.org\/es\/santa-coloma-de-gramenet-25\/","title":{"rendered":"SANTA COLOMA DE GRAMENET"},"content":{"rendered":"\r\n\r\n\r\n<p>Desde la explosi\u00f3n demogr\u00e1fica de los a\u00f1os sesenta del siglo pasado, <strong>Santa Coloma<\/strong>\u00a0ha convivido con la falta de espacios de convivencia. El esfuerzo urban\u00edstico para transformar el paisaje masificado y engullido por los edificios y el tr\u00e1nsito rodado es un reto global. Santa Coloma lucha por reinventarse con actuaciones inclusivas, participativas y sostenibles, donde la voz de los vecinos es cada vez m\u00e1s presente y fuerte.<\/p>\r\n\r\n\r\n\r\n<p>Este a\u00f1o, la novedad es el <a href=\"https:\/\/www.48hopenhousebarcelona.org\/es\/els-edificis\/centre-de-recursos-juvenils-mas-fonollar\/\" target=\"_blank\" rel=\"noopener\"><strong>Centro de recursos juveniles Mas Fonollar<\/strong><\/a>, una antigua masia del siglo XIV que hoy es un equipamiento p\u00fablico dinamizador de la vida juvenil del municipio y un bien cultural de inter\u00e9s local que conserva, entre otros, arcos de piedra y ladrillo que dan testimonio de su largo pasado rural.<\/p>\r\n<p>El campus universitario de\u00a0<strong>Torribera<\/strong>, el recinto m\u00e1s importante de la arquitectura novecentista de la regi\u00f3n metropolitana de Barcelona, repite con el Pabell\u00f3n del Verdaguer, la Escuela de Restauraci\u00f3n y la iglesia. Se ha tenido especial cuidado en la rehabilitaci\u00f3n de los acabados y de los detalles originales de cada edificio, una forma de destacar las particularidades de estos fragmentos que perfeccionan la composici\u00f3n de la arquitectura.<\/p>\r\n\r\n\r\n\r\n<p>&nbsp;<\/p>\r\n\r\n\r\n\r\n<figure class=\"wp-block-image size-large\"><img decoding=\"async\" src=\"https:\/\/www.48hopenhousebarcelona.org\/wp-content\/uploads\/2021\/09\/Ajuntament-colorRGB-300x109.jpg\" alt=\"\" \/><\/figure>\r\n","protected":false},"excerpt":{"rendered":"<p>Desde la explosi\u00f3n demogr\u00e1fica de los a\u00f1os sesenta del siglo pasado, Santa Coloma\u00a0ha convivido con la falta de espacios de convivencia. El esfuerzo urban\u00edstico para transformar el paisaje masificado y engullido por los edificios y el tr\u00e1nsito rodado es un reto global. Santa Coloma lucha por reinventarse con actuaciones inclusivas, participativas y sostenibles, donde la [&hellip;]<\/p>\n","protected":false},"author":26,"featured_media":57065,"parent":0,"menu_order":0,"comment_status":"closed","ping_status":"closed","template":"template-novapagina.php","meta":{"_acf_changed":false,"footnotes":""},"class_list":["post-46615","page","type-page","status-publish","has-post-thumbnail","hentry"],"acf":[],"_links":{"self":[{"href":"https:\/\/www.48hopenhousebarcelona.org\/es\/wp-json\/wp\/v2\/pages\/46615","targetHints":{"allow":["GET"]}}],"collection":[{"href":"https:\/\/www.48hopenhousebarcelona.org\/es\/wp-json\/wp\/v2\/pages"}],"about":[{"href":"https:\/\/www.48hopenhousebarcelona.org\/es\/wp-json\/wp\/v2\/types\/page"}],"author":[{"embeddable":true,"href":"https:\/\/www.48hopenhousebarcelona.org\/es\/wp-json\/wp\/v2\/users\/26"}],"replies":[{"embeddable":true,"href":"https:\/\/www.48hopenhousebarcelona.org\/es\/wp-json\/wp\/v2\/comments?post=46615"}],"version-history":[{"count":7,"href":"https:\/\/www.48hopenhousebarcelona.org\/es\/wp-json\/wp\/v2\/pages\/46615\/revisions"}],"predecessor-version":[{"id":57752,"href":"https:\/\/www.48hopenhousebarcelona.org\/es\/wp-json\/wp\/v2\/pages\/46615\/revisions\/57752"}],"wp:featuredmedia":[{"embeddable":true,"href":"https:\/\/www.48hopenhousebarcelona.org\/es\/wp-json\/wp\/v2\/media\/57065"}],"wp:attachment":[{"href":"https:\/\/www.48hopenhousebarcelona.org\/es\/wp-json\/wp\/v2\/media?parent=46615"}],"curies":[{"name":"wp","href":"https:\/\/api.w.org\/{rel}","templated":true}]}}