{"id":46719,"date":"2025-09-28T10:51:43","date_gmt":"2025-09-28T10:51:43","guid":{"rendered":"https:\/\/www.48hopenhousebarcelona.org\/?page_id=46719"},"modified":"2025-10-13T14:52:18","modified_gmt":"2025-10-13T14:52:18","slug":"open-foto-premi-josep-llobet-25","status":"publish","type":"page","link":"https:\/\/www.48hopenhousebarcelona.org\/es\/open-foto-premi-josep-llobet-25\/","title":{"rendered":"OPEN FOTO &#8211; PREMI JOSEP LLOBET"},"content":{"rendered":"\r\n\r\n\r\n<h3>Del 25 de octubre al 9 de noviembre del 2025<\/h3>\r\n<p>El concurso <strong>Open Foto &#8211; Premio Josep Llobet<\/strong> convida a capturar im\u00e1genes de los edificios que participan en cada edici\u00f3n del festival 48h Open House BCN. <strong>\u00a0<\/strong><\/p>\r\n<h3><strong><br \/>Quien puede participar<\/strong><\/h3>\r\n<p>Puede participar en el concurso cualquier persona de m\u00e1s de 16 a\u00f1os que haya visitado alguno de los edificios del festival 48h Open House BCN y quiera aportar una visi\u00f3n fotogr\u00e1fica de lo que ha visto.<\/p>\r\n<h3><strong><br \/>Como tienen que ser las fotografias<\/strong><\/h3>\r\n<p>&#8211;\u00a0 Las fotograf\u00edas tienen que ser de un edificio o un detalle de alguno de los edificios que se hayan visitado durante el fin de semana del festival 48h Open House BCN, <br \/><strong>que traten sobre la experiencia sensorial que producen los espacios<\/strong>: no se trata solo de dise\u00f1o y apariencia, sino del impacto que tiene el lugar sobre cada persona.<\/p>\r\n<p>&#8211;\u00a0 Tienen que ser fotograf\u00edas que no hayan sido premiadas ni reconocidas en otro concurso.<\/p>\r\n<p>&#8211;\u00a0 Se permite retocar las fotograf\u00edas siempre que sea para aplicar filtros globales que mejoren la calidad (contraste, luz\u2026).<\/p>\r\n<p>&#8211;\u00a0 No se admitir\u00e1n composiciones fotogr\u00e1ficas (por ejemplo, a\u00f1adir o extraer elementos, mezclar fotograf\u00edas o modificar la composici\u00f3n original).<\/p>\r\n<h3><strong><br \/>Como participar<\/strong><\/h3>\r\n<p>&#8211;\u00a0 Selecciona una fotografia (en color o en blanc i negre).<\/p>\r\n<p>&#8211; Comprueba que la resoluci\u00f3n de la fotograf\u00eda tenga un m\u00e1ximo de 10 megap\u00edxeles, en formato .jpg.<\/p>\r\n<p>&#8211;\u00a0 Guarda el nombre del archivo de este modo: nombre del edificio-autor.jpg. Por ejemplo: EdificiCasaDavid-*AnnaFranc.jpg.<\/p>\r\n<p>&#8211;\u00a0 Prepara un correo electr\u00f3nico con tus datos: nombre y apellidos, direcci\u00f3n postal y n\u00famero de tel\u00e9fono, as\u00ed como el nombre del edificio.<\/p>\r\n<p>&#8211;\u00a0 Adjunta la fotograf\u00eda y env\u00edala a<\/p>\r\n<h3><strong>openfoto2025@48hopenhousebarcelona.org<\/strong><\/h3>\r\n<p>&#8211;\u00a0 Se puede enviar un m\u00e1ximo de 3 fotos por participante.<\/p>\r\n<h3><strong><br \/><\/strong><strong>Fechas<\/strong><\/h3>\r\n<p>El per\u00edodo para presentar las fotografias es del <strong>25 de octubre al 9 de noviembre<\/strong>\u00a0<strong>del 2025 a las 23.59 h<\/strong>.<\/p>\r\n<p>A partir del\u00a0<strong>17 de noviembre de 2025<\/strong>, la Asociaci\u00f3n se pondr\u00e1 en contacto con las personas ganadoras y subir\u00e1 a la web del festival las diez fotografias finalistas.<\/p>\r\n<p>La entrega de premios ser\u00e1 el <strong>26 de Noviembre del 2025<\/strong>. <strong>\u00a0<\/strong><\/p>\r\n<h3><strong><br \/>Jurado<\/strong><\/h3>\r\n<p>El jurado est\u00e1 formado por:<\/p>\r\n<p>&#8211; Elisenda Bonet, arquitecta y directora de la Asociaci\u00f3n 48h Open House Barcelona.<br \/>&#8211; Antonio Navarro Wijkmark, fot\u00f3grafo oficial de la asociaci\u00f3n 48h Open House Barcelona.<br \/>&#8211; Pedro Vicente, profesor de la Facultad de Bellas Artes de la Universidad Polit\u00e9cnica de Valencia.<\/p>\r\n<h3><strong><br \/>Premio<\/strong><\/h3>\r\n<p>El ganador del concurso Open Foto recibir\u00e1 la fotograf\u00eda impresa (gracias a la colaboraci\u00f3n de <a href=\"http:\/\/www.cafur.es\/\">CAFUR<\/a>), una botella\u00a0 <em>Casa de fam\u00edlia<\/em> dise\u00f1ada por\u00a0 el arquitecto Josep Maria Jujol i Gibert (donaci\u00f3n gentileza del Ayuntamiento de Sant Joan Desp\u00ed) i un pack AMIC OHB26.<\/p>\r\n<p>El segundo finalista recibir\u00e1 la fotograf\u00eda impresa (gracias a la colaboraci\u00f3n de <a href=\"http:\/\/www.cafur.es\/\">CAFUR<\/a>), un kit de fotograf\u00eda anal\u00f3gica (gracias a la colaboraci\u00f3n de <a href=\"https:\/\/www.revelab.es\/\">Revelab Studio<\/a>), y un pack doble de AMIGO OHB26.<\/p>\r\n<p>El tercer finalista recibir\u00e1 la fotografia impresa (gracias a la colaboraci\u00f3n de <a href=\"http:\/\/www.cafur.es\/\">CAFUR<\/a>)\u00a0i un pack d&#8217;AMIC OHB26.<\/p>\r\n<p><em>El\u00a0<a href=\"https:\/\/www.revelab.es\/harman-camera-la-apuesta-por-el-medioambiente-de-harman-e-ilford\/\">kit de fotografia anal\u00f3gica reutilitzable<\/a> consta de: 1 ut Harman Reusable Camera 2 ut rodets de 35 mm en blanco y negro.<\/em><\/p>\r\n<p><a href=\"https:\/\/www.48hopenhousebarcelona.org\/es\/politica-privacitat\/\">Consulta la pol\u00edtica de privacidad<\/a>\u00a0\u00a0<\/p>\r\n<p><br \/>Con el soporte de:<\/p>\r\n<div class=\"wp-block-column\"><!-- \/wp:post-content -->\r\n<p><!-- wp:image {\"id\":399,\"linkDestination\":\"custom\"} --><\/p>\r\n<figure class=\"wp-block-image\"><a href=\"http:\/\/www.cafur.es\/blog\/\"><img loading=\"lazy\" decoding=\"async\" width=\"240\" height=\"73\" class=\"wp-image-399\" src=\"https:\/\/www.48hopenhousebarcelona.org\/wp-content\/uploads\/2019\/09\/logo_cafur.png\" alt=\"\" \/><\/a><\/figure>\r\n<p><!-- \/wp:image --><\/p>\r\n<\/div>\r\n<p><!-- \/wp:column --><\/p>\r\n<p><!-- wp:column --><\/p>\r\n<div class=\"wp-block-column\">Con la colaboraci\u00f3n de:\r\n<figure class=\"wp-block-image is-resized\"><a href=\"https:\/\/www.revelab.es\"><img loading=\"lazy\" decoding=\"async\" class=\"wp-image-16150\" src=\"https:\/\/www.48hopenhousebarcelona.org\/wp-content\/uploads\/2020\/09\/logosrevelab-300x106.jpg\" alt=\"\" width=\"150\" height=\"53\" \/><\/a><\/figure>\r\n<figure class=\"wp-block-image\"><a href=\"https:\/\/www.google.com\/search?client=safari&amp;rls=en&amp;q=ajuntament+de+sant+joan+desp%C3%AD&amp;ie=UTF-8&amp;oe=UTF-8\"><img loading=\"lazy\" decoding=\"async\" class=\"wp-image-380\" src=\"https:\/\/www.48hopenhousebarcelona.org\/wp-content\/uploads\/2019\/09\/240px_ajuntament_sant_joan_despi2.jpg\" alt=\"\" width=\"191\" height=\"81\" \/><\/a><\/figure>\r\n<\/div>\r\n<p>&nbsp;<\/p>\r\n<p>&nbsp;<\/p>","protected":false},"excerpt":{"rendered":"<p>Del 25 de octubre al 9 de noviembre del 2025 El concurso Open Foto &#8211; Premio Josep Llobet convida a capturar im\u00e1genes de los edificios que participan en cada edici\u00f3n del festival 48h Open House BCN. \u00a0 Quien puede participar Puede participar en el concurso cualquier persona de m\u00e1s de 16 a\u00f1os que haya visitado [&hellip;]<\/p>\n","protected":false},"author":26,"featured_media":57160,"parent":0,"menu_order":0,"comment_status":"closed","ping_status":"closed","template":"template-novapagina.php","meta":{"_acf_changed":false,"footnotes":""},"class_list":["post-46719","page","type-page","status-publish","has-post-thumbnail","hentry"],"acf":[],"_links":{"self":[{"href":"https:\/\/www.48hopenhousebarcelona.org\/es\/wp-json\/wp\/v2\/pages\/46719","targetHints":{"allow":["GET"]}}],"collection":[{"href":"https:\/\/www.48hopenhousebarcelona.org\/es\/wp-json\/wp\/v2\/pages"}],"about":[{"href":"https:\/\/www.48hopenhousebarcelona.org\/es\/wp-json\/wp\/v2\/types\/page"}],"author":[{"embeddable":true,"href":"https:\/\/www.48hopenhousebarcelona.org\/es\/wp-json\/wp\/v2\/users\/26"}],"replies":[{"embeddable":true,"href":"https:\/\/www.48hopenhousebarcelona.org\/es\/wp-json\/wp\/v2\/comments?post=46719"}],"version-history":[{"count":31,"href":"https:\/\/www.48hopenhousebarcelona.org\/es\/wp-json\/wp\/v2\/pages\/46719\/revisions"}],"predecessor-version":[{"id":57588,"href":"https:\/\/www.48hopenhousebarcelona.org\/es\/wp-json\/wp\/v2\/pages\/46719\/revisions\/57588"}],"wp:featuredmedia":[{"embeddable":true,"href":"https:\/\/www.48hopenhousebarcelona.org\/es\/wp-json\/wp\/v2\/media\/57160"}],"wp:attachment":[{"href":"https:\/\/www.48hopenhousebarcelona.org\/es\/wp-json\/wp\/v2\/media?parent=46719"}],"curies":[{"name":"wp","href":"https:\/\/api.w.org\/{rel}","templated":true}]}}