{"id":46769,"date":"2025-09-28T10:48:59","date_gmt":"2025-09-28T10:48:59","guid":{"rendered":"https:\/\/www.48hopenhousebarcelona.org\/?page_id=46769"},"modified":"2025-10-09T09:37:41","modified_gmt":"2025-10-09T09:37:41","slug":"sant-joan-despi-25","status":"publish","type":"page","link":"https:\/\/www.48hopenhousebarcelona.org\/es\/sant-joan-despi-25\/","title":{"rendered":"SANT JOAN DESP\u00cd"},"content":{"rendered":"\r\n\r\n\r\n<p><strong>Sant Joan Desp\u00ed<\/strong>\u00a0es una ciudad que ense\u00f1a el patrimonio de quien fue, durante m\u00e1s de 20 a\u00f1os, el arquitecto municipal:\u00a0Josep Maria Jujol (Tarragona, 1879 &#8211; Barcelona, 1949). La visita a estos edificios descubre el esp\u00edritu renovador del arquitecto y permite apreciar c\u00f3mo, mediante la transformaci\u00f3n de la materia, el autor crea un mundo propio casi m\u00e1gico. El trazo en\u00e9rgico, el color intenso, la asociaci\u00f3n de objetos inexpertos y la creaci\u00f3n de met\u00e1foras visuales hacen una arquitectura sorpresiva y una explosi\u00f3n pl\u00e1stica.<\/p>\r\n<p>Este a\u00f1o no te puedes perder el <a href=\"https:\/\/www.48hopenhousebarcelona.org\/es\/els-edificis\/estadi-johan-cruyff\/\" target=\"_blank\" rel=\"noopener\"><strong>Estadio Johan Cruyff<\/strong><\/a>, un equipamiento de alto nivel, dise\u00f1ado para cumplir los requisitos UEFA de categor\u00eda III y convertirse en un referente de la arquitectura deportiva moderna, y la renovaci\u00f3n integral del <a href=\"https:\/\/www.48hopenhousebarcelona.org\/es\/els-edificis\/hotel-ibis\/\" target=\"_blank\" rel=\"noopener\"><strong>Hotel Ibis<\/strong><\/a>, situado en el parque empresarial de la ciudad, bajo el concepto de \u00abcasa de artista\u00bb.<\/p>\r\n<p>Si el a\u00f1o pasado no pudiste ir, este a\u00f1o no puedes perderte <strong><a href=\"https:\/\/www.48hopenhousebarcelona.org\/es\/els-edificis\/cal-sandiumenge\/\" target=\"_blank\" rel=\"noopener\">Cal Sandiumenge<\/a><\/strong>, con sus pinturas murales en la escalera; recorrer con cuidado las <a href=\"https:\/\/www.48hopenhousebarcelona.org\/es\/els-edificis\/tram-cotxeres\/\" target=\"_blank\" rel=\"noopener\"><strong>Cotxeres del Tram<\/strong><\/a>, para adentrarnos en la infraestructura m\u00e1s importante de la ciudad: el transporte p\u00fablico, para entender la seguridad y el mantenimiento de este elemento. Tambi\u00e9n se tiene la oportunidad de conocer la <a href=\"https:\/\/www.48hopenhousebarcelona.org\/es\/els-edificis\/ciutat-esportiva-fc-barcelona-joan-gamper\/\" target=\"_blank\" rel=\"noopener\"><strong>Ciudad Desportiva FC Barcelona \u2013 Joan Gamper<\/strong><\/a>.\u00a0<\/p>\r\n<p>\r\n\r\n<\/p>\r\n<p>\r\n\r\n<\/p>\n<p>Con el soporte de:<\/p>\n<p>\n\r\n\r\n<\/p>\r\n<figure class=\"wp-block-image size-full is-resized\"><img decoding=\"async\" class=\"wp-image-52446\" style=\"object-fit: cover; width: 250px; height: 111px;\" src=\"https:\/\/www.48hopenhousebarcelona.org\/wp-content\/uploads\/2024\/10\/1logo-aj-st-joan-despi.jpg\" alt=\"\" \/><\/figure>\r\n<p>&nbsp;<\/p>\r\n<p>&nbsp;<\/p>\r\n<p><\/p>","protected":false},"excerpt":{"rendered":"<p>Sant Joan Desp\u00ed\u00a0es una ciudad que ense\u00f1a el patrimonio de quien fue, durante m\u00e1s de 20 a\u00f1os, el arquitecto municipal:\u00a0Josep Maria Jujol (Tarragona, 1879 &#8211; Barcelona, 1949). La visita a estos edificios descubre el esp\u00edritu renovador del arquitecto y permite apreciar c\u00f3mo, mediante la transformaci\u00f3n de la materia, el autor crea un mundo propio casi [&hellip;]<\/p>\n","protected":false},"author":26,"featured_media":57106,"parent":0,"menu_order":0,"comment_status":"closed","ping_status":"closed","template":"template-novapagina.php","meta":{"_acf_changed":false,"footnotes":""},"class_list":["post-46769","page","type-page","status-publish","has-post-thumbnail","hentry"],"acf":[],"_links":{"self":[{"href":"https:\/\/www.48hopenhousebarcelona.org\/es\/wp-json\/wp\/v2\/pages\/46769","targetHints":{"allow":["GET"]}}],"collection":[{"href":"https:\/\/www.48hopenhousebarcelona.org\/es\/wp-json\/wp\/v2\/pages"}],"about":[{"href":"https:\/\/www.48hopenhousebarcelona.org\/es\/wp-json\/wp\/v2\/types\/page"}],"author":[{"embeddable":true,"href":"https:\/\/www.48hopenhousebarcelona.org\/es\/wp-json\/wp\/v2\/users\/26"}],"replies":[{"embeddable":true,"href":"https:\/\/www.48hopenhousebarcelona.org\/es\/wp-json\/wp\/v2\/comments?post=46769"}],"version-history":[{"count":12,"href":"https:\/\/www.48hopenhousebarcelona.org\/es\/wp-json\/wp\/v2\/pages\/46769\/revisions"}],"predecessor-version":[{"id":57353,"href":"https:\/\/www.48hopenhousebarcelona.org\/es\/wp-json\/wp\/v2\/pages\/46769\/revisions\/57353"}],"wp:featuredmedia":[{"embeddable":true,"href":"https:\/\/www.48hopenhousebarcelona.org\/es\/wp-json\/wp\/v2\/media\/57106"}],"wp:attachment":[{"href":"https:\/\/www.48hopenhousebarcelona.org\/es\/wp-json\/wp\/v2\/media?parent=46769"}],"curies":[{"name":"wp","href":"https:\/\/api.w.org\/{rel}","templated":true}]}}