{"id":46798,"date":"2025-09-28T11:27:47","date_gmt":"2025-09-28T11:27:47","guid":{"rendered":"https:\/\/www.48hopenhousebarcelona.org\/?page_id=46798"},"modified":"2025-10-21T10:40:38","modified_gmt":"2025-10-21T10:40:38","slug":"vilassar-de-dalt-25","status":"publish","type":"page","link":"https:\/\/www.48hopenhousebarcelona.org\/es\/vilassar-de-dalt-25\/","title":{"rendered":"VILASSAR DE DALT"},"content":{"rendered":"\r\n\r\n\r\n<p>La programaci\u00f3n en\u00a0<strong>Vilassar de Dalt<\/strong>, que se ofrece solo el domingo del festival,\u00a0ofrece un interesante recorrido t\u00e9cnico e hist\u00f3rico sobre los or\u00edgenes de la construcci\u00f3n con <em>volta<\/em> catalana: desde tres hornos de \u00e9poca romana para la producci\u00f3n de materiales de construcci\u00f3n, hasta diferentes tipolog\u00edas de <em>volta<\/em>\u00a0en f\u00e1bricas, bodegas y casas de cos, con el esplendor m\u00e1ximo en el <a href=\"https:\/\/www.48hopenhousebarcelona.org\/es\/els-edificis\/teatre-de-la-massa\/\" target=\"_blank\" rel=\"noopener\"><strong>Teatre La Massa<\/strong><\/a>\u00a0de Guastavino. En estos espacios recalcamos la importancia de los elementos constructivos que materializan la arquitectura de la ciudad. En Vilassar, encontramos la c\u00fapula del teatro, la \u00faltima obra de Guastavino en Catalunya. Fue una novedad constructiva, destacando el cuidado en el uso de materiales y piezas que dan forma a los objetivos y supuestos del arquitecto.<\/p>\r\n\r\n\r\n\r\n<p>Este a\u00f1o, se incluye la <a href=\"https:\/\/www.48hopenhousebarcelona.org\/es\/els-edificis\/carrer-de-cases-de-cos\/\" target=\"_blank\" rel=\"noopener\"><strong>Casa de Carrer<\/strong><\/a> en la programaci\u00f3n, una reforma de una casa se\u00f1orial en la que se han reinterpretado los espacios de la <em>casa de c\u00f3s<\/em> a partir de la escalera central. Una parada imprescindible este a\u00f1o son los <b><a href=\"https:\/\/www.48hopenhousebarcelona.org\/ca\/els-edificis\/forns-romans-de-la-fornaca\/\">Forns Romans de la Fornaca<\/a><\/b> y el contenedor que los acoge, una estructura contempor\u00e1nea que enmarca \u00e9ste conjunto arqueol\u00f3gico. Otro imprescindible es <strong>Can Manyer<\/strong>, uno de los \u00faltimos ejemplos del pasado industrial textil de Vilassar. Este recinto industrial de finales del siglo XIX se caracteriza por las grandes columnas de hierro y suelo hidr\u00e1ulico, elementos que forman su arquitectura. Existe la posibilidad de recorrer la parte <a href=\"https:\/\/www.48hopenhousebarcelona.org\/es\/els-edificis\/nau-nova-fabrica-de-can-manyer\/\" target=\"_blank\" rel=\"noopener\">Nueva<\/a> y <a href=\"https:\/\/www.48hopenhousebarcelona.org\/es\/els-edificis\/fabrica-de-can-manyer\/\" target=\"_blank\" rel=\"noopener\">Vieja<\/a> de <strong>Can Manyer<\/strong>, que nos permitir\u00e1 entender la evoluci\u00f3n de la arquitectura a partir de sus diferencias y similitudes.<\/p>\r\n\r\n\r\n\r\n<h4 class=\"wp-block-heading\"><strong>Importante:\u00a0<\/strong><\/h4>\r\n\r\n\r\n\r\n<p>El punto de informaci\u00f3n del festival 48h Open House BCN es en CAN BAN\u00daS (MUSEU ARXIU DE VILASSAR DE DALT).<\/p>\r\n\r\n\r\n\r\n<p>C\/del Marqu\u00e8s de Barber\u00e0, 9. Vilassar de Dalt.<\/p>\r\n\r\n\r\n\r\n<p>Horario: domingo 26 de octubre, de 11 a 14 h\u00a0 y de 17 a 19 h.<\/p>\r\n\r\n\r\n\r\n<p>Transporte: L\u00ednia 803 o 805: Gran Via amb Passeig de Gr\u00e0cia i Pla\u00e7a Tetuan (Barcelona)<\/p>\r\n\r\n\r\n\r\n<p>Coche particular: Aparcamiento reservado en Forns Romans de la Fornaca de Vilassar (Carrer d\u2019Eduard Calvet i Pint\u00f3, s\/n)<\/p>\r\n\r\n\r\n<p>Con el soporte de:<\/p>\n\r\n\r\n\r\n<figure class=\"wp-block-image size-full is-resized\"><img loading=\"lazy\" decoding=\"async\" width=\"360\" height=\"160\" class=\"wp-image-52453\" style=\"object-fit: cover; width: 250px; height: 111px;\" src=\"https:\/\/www.48hopenhousebarcelona.org\/wp-content\/uploads\/2024\/10\/2logo-vilassar-dalt.png\" alt=\"\" srcset=\"https:\/\/www.48hopenhousebarcelona.org\/wp-content\/uploads\/2024\/10\/2logo-vilassar-dalt.png 360w, https:\/\/www.48hopenhousebarcelona.org\/wp-content\/uploads\/2024\/10\/2logo-vilassar-dalt-300x133.png 300w\" sizes=\"auto, (max-width: 360px) 100vw, 360px\" \/><\/figure>\r\n<p>&nbsp;<\/p>\r\n<p>&nbsp;<\/p>\r\n","protected":false},"excerpt":{"rendered":"<p>La programaci\u00f3n en\u00a0Vilassar de Dalt, que se ofrece solo el domingo del festival,\u00a0ofrece un interesante recorrido t\u00e9cnico e hist\u00f3rico sobre los or\u00edgenes de la construcci\u00f3n con volta catalana: desde tres hornos de \u00e9poca romana para la producci\u00f3n de materiales de construcci\u00f3n, hasta diferentes tipolog\u00edas de volta\u00a0en f\u00e1bricas, bodegas y casas de cos, con el esplendor [&hellip;]<\/p>\n","protected":false},"author":26,"featured_media":57061,"parent":0,"menu_order":0,"comment_status":"closed","ping_status":"closed","template":"template-novapagina.php","meta":{"_acf_changed":false,"footnotes":""},"class_list":["post-46798","page","type-page","status-publish","has-post-thumbnail","hentry"],"acf":[],"_links":{"self":[{"href":"https:\/\/www.48hopenhousebarcelona.org\/es\/wp-json\/wp\/v2\/pages\/46798","targetHints":{"allow":["GET"]}}],"collection":[{"href":"https:\/\/www.48hopenhousebarcelona.org\/es\/wp-json\/wp\/v2\/pages"}],"about":[{"href":"https:\/\/www.48hopenhousebarcelona.org\/es\/wp-json\/wp\/v2\/types\/page"}],"author":[{"embeddable":true,"href":"https:\/\/www.48hopenhousebarcelona.org\/es\/wp-json\/wp\/v2\/users\/26"}],"replies":[{"embeddable":true,"href":"https:\/\/www.48hopenhousebarcelona.org\/es\/wp-json\/wp\/v2\/comments?post=46798"}],"version-history":[{"count":19,"href":"https:\/\/www.48hopenhousebarcelona.org\/es\/wp-json\/wp\/v2\/pages\/46798\/revisions"}],"predecessor-version":[{"id":57824,"href":"https:\/\/www.48hopenhousebarcelona.org\/es\/wp-json\/wp\/v2\/pages\/46798\/revisions\/57824"}],"wp:featuredmedia":[{"embeddable":true,"href":"https:\/\/www.48hopenhousebarcelona.org\/es\/wp-json\/wp\/v2\/media\/57061"}],"wp:attachment":[{"href":"https:\/\/www.48hopenhousebarcelona.org\/es\/wp-json\/wp\/v2\/media?parent=46798"}],"curies":[{"name":"wp","href":"https:\/\/api.w.org\/{rel}","templated":true}]}}