{"id":46802,"date":"2025-09-28T11:30:12","date_gmt":"2025-09-28T11:30:12","guid":{"rendered":"https:\/\/www.48hopenhousebarcelona.org\/?page_id=46802"},"modified":"2025-10-09T10:01:34","modified_gmt":"2025-10-09T10:01:34","slug":"sitges-25","status":"publish","type":"page","link":"https:\/\/www.48hopenhousebarcelona.org\/es\/sitges-25\/","title":{"rendered":"SITGES"},"content":{"rendered":"\r\n\r\n\r\n<p><strong>Sitges<\/strong>\u00a0es una poblaci\u00f3n \u00edntimamente ligada a la proximidad del mar, una relaci\u00f3n que tambi\u00e9n se encuentra reflejada en la trama urbana y en su arquitectura. A los restos \u00edberos y a las construcciones de origen medieval, se suman los edificios, p\u00fablicos y privados, surgidos del per\u00edodo de esplendor econ\u00f3mico que vivi\u00f3 el pueblo, gracias a los <em>americanos<\/em>, durante la segunda mitad del siglo XIX y los primeros a\u00f1os del XX. \u00a0Y no olvidamos la atracci\u00f3n que la luz de Sitges ejerci\u00f3 sobre personajes como el pintor\u00a0Santiago Rusi\u00f1ol o del estadounidense Charles Deering, que quisieron tener aqu\u00ed \u00absu lugar en el mundo\u00bb, convertirlo en un pueblo abierto y cosmopolita, con grandes proyectos como la noucentista ciudad jard\u00edn Terramar. Sitges fue, tambi\u00e9n, el <em>taller de pruebas<\/em> para arquitectos que, con los a\u00f1os, se han convertido en iconos de la arquitectura moderna, como lo es la figura de Jos\u00e9 Antonio Coderch.<\/p>\r\n\r\n\r\n\r\n<p>En Sitges, se ven reflejadas diferentes piezas esenciales que ense\u00f1an las partes de la arquitectura de hoy en d\u00eda. Se destaca la <a href=\"https:\/\/www.48hopenhousebarcelona.org\/es\/els-edificis\/casa-miquel-utrillo-biblioteca-santiago-rusinol\/\" target=\"_blank\" rel=\"noopener\"><strong>Biblioteca P\u00fablica Santiago Rusi\u00f1ol<\/strong><\/a>\u00a0y el <a href=\"https:\/\/www.48hopenhousebarcelona.org\/es\/els-edificis\/palau-del-rei-moro\/\" target=\"_blank\" rel=\"noopener\"><strong>Palacio del Rey Moro<\/strong><\/a>.\u00a0<\/p>\r\n<p>Se resalta la <a href=\"https:\/\/www.48hopenhousebarcelona.org\/es\/els-edificis\/habitatge-estudi-al-carrer-lilla-de-cuba\/\" target=\"_blank\" rel=\"noopener\"><strong>vivienda-estudio en la calle Illa de Cuba<\/strong><\/a>, un proyecto que transforma un edificio de 150 a\u00f1os, la ampliaci\u00f3n y transformaci\u00f3n de los espacios de la <a href=\"https:\/\/www.48hopenhousebarcelona.org\/es\/els-edificis\/ampliacio-de-lescola-pia\/\" target=\"_blank\" rel=\"noopener\"><strong>Escola Pia<\/strong><\/a>, la <a href=\"https:\/\/www.48hopenhousebarcelona.org\/es\/els-edificis\/pergola-villa-condal-casa-rovira\/\" target=\"_blank\" rel=\"noopener\"><strong>p\u00e9rgola Villa Condal<\/strong><\/a> y el <a href=\"https:\/\/www.48hopenhousebarcelona.org\/es\/els-edificis\/parroquia-de-sant-bartomeu\/\" target=\"_blank\" rel=\"noopener\"><strong>campanario de la Parroquia de Sant Bartomeu<\/strong><\/a>.<\/p>\r\n<p>\r\n\r\n<\/p>\n<p>Con el soporte de:<\/p>\n<p>\n\r\n\r\n<\/p>\r\n<figure class=\"wp-block-image size-full is-resized\"><img decoding=\"async\" class=\"wp-image-52449\" style=\"object-fit: cover; width: 250px; height: 111px;\" src=\"https:\/\/www.48hopenhousebarcelona.org\/wp-content\/uploads\/2024\/10\/2logo-aj-sitges.jpg\" alt=\"\" \/><\/figure>\r\n<p>&nbsp;<\/p>\r\n<p>&nbsp;<\/p>\r\n<p><\/p>","protected":false},"excerpt":{"rendered":"<p>Sitges\u00a0es una poblaci\u00f3n \u00edntimamente ligada a la proximidad del mar, una relaci\u00f3n que tambi\u00e9n se encuentra reflejada en la trama urbana y en su arquitectura. A los restos \u00edberos y a las construcciones de origen medieval, se suman los edificios, p\u00fablicos y privados, surgidos del per\u00edodo de esplendor econ\u00f3mico que vivi\u00f3 el pueblo, gracias a [&hellip;]<\/p>\n","protected":false},"author":26,"featured_media":57063,"parent":0,"menu_order":0,"comment_status":"closed","ping_status":"closed","template":"template-novapagina.php","meta":{"_acf_changed":false,"footnotes":""},"class_list":["post-46802","page","type-page","status-publish","has-post-thumbnail","hentry"],"acf":[],"_links":{"self":[{"href":"https:\/\/www.48hopenhousebarcelona.org\/es\/wp-json\/wp\/v2\/pages\/46802","targetHints":{"allow":["GET"]}}],"collection":[{"href":"https:\/\/www.48hopenhousebarcelona.org\/es\/wp-json\/wp\/v2\/pages"}],"about":[{"href":"https:\/\/www.48hopenhousebarcelona.org\/es\/wp-json\/wp\/v2\/types\/page"}],"author":[{"embeddable":true,"href":"https:\/\/www.48hopenhousebarcelona.org\/es\/wp-json\/wp\/v2\/users\/26"}],"replies":[{"embeddable":true,"href":"https:\/\/www.48hopenhousebarcelona.org\/es\/wp-json\/wp\/v2\/comments?post=46802"}],"version-history":[{"count":15,"href":"https:\/\/www.48hopenhousebarcelona.org\/es\/wp-json\/wp\/v2\/pages\/46802\/revisions"}],"predecessor-version":[{"id":57358,"href":"https:\/\/www.48hopenhousebarcelona.org\/es\/wp-json\/wp\/v2\/pages\/46802\/revisions\/57358"}],"wp:featuredmedia":[{"embeddable":true,"href":"https:\/\/www.48hopenhousebarcelona.org\/es\/wp-json\/wp\/v2\/media\/57063"}],"wp:attachment":[{"href":"https:\/\/www.48hopenhousebarcelona.org\/es\/wp-json\/wp\/v2\/media?parent=46802"}],"curies":[{"name":"wp","href":"https:\/\/api.w.org\/{rel}","templated":true}]}}