{"id":46917,"date":"2024-10-04T10:35:11","date_gmt":"2024-10-04T10:35:11","guid":{"rendered":"https:\/\/www.48hopenhousebarcelona.org\/?page_id=46917"},"modified":"2024-10-12T17:44:44","modified_gmt":"2024-10-12T17:44:44","slug":"open-green-24","status":"publish","type":"page","link":"https:\/\/www.48hopenhousebarcelona.org\/es\/open-green-24\/","title":{"rendered":"OPEN GREEN"},"content":{"rendered":"\r\n<div class=\"wp-block-columns is-layout-flex wp-container-core-columns-is-layout-9d6595d7 wp-block-columns-is-layout-flex\">\r\n<div class=\"wp-block-column is-layout-flow wp-block-column-is-layout-flow\">\r\n<p>Nuestro h\u00e1bitat futuro empieza a construirse desde la necesidad de entenderlo e interpretarlo como una construcci\u00f3n ambiental. \u00bfCon qu\u00e9 valores y acciones del presente?<br \/>Os animamos a valorar y anticipar c\u00f3mo ser\u00e1 nuestro futuro con el conocimiento y la reflexi\u00f3n de la arquitectura actual de la Barcelona metropolitana.<\/p>\r\n<\/div>\r\n\r\n\r\n\r\n<div class=\"wp-block-column is-layout-flow wp-block-column-is-layout-flow\">\r\n<p>Estas preocupaciones se reflejan en proyectos con apoyos transversales, ambientalmente sostenibles y socialmente responsables. <strong>OPEN GREEN<\/strong> destaca los edificios pensados con criterios de sostenibilidad ambiental, energ\u00e9tica, social y econ\u00f3mica, y que, por lo tanto, se comprometen con las generaciones futuros al optimizar los recursos.<\/p>\r\n<\/div>\r\n<\/div>\r\n\r\n\r\n\r\n<p>&nbsp;<\/p>\r\n\r\n\r\n\r\n<p>Con el apoyo de:<\/p>\r\n\r\n\r\n\r\n<p>&nbsp;<\/p>\r\n\r\n\r\n\r\n<figure class=\"wp-block-image\"><a href=\"https:\/\/www.amb.cat\/s\/home.html\"><img decoding=\"async\" class=\"wp-image-3919\" src=\"https:\/\/www.48hopenhousebarcelona.org\/wp-content\/uploads\/2019\/09\/AMB-logo-vector-amb-1-300x63.jpg\" alt=\"\" \/><\/a><\/figure>\r\n","protected":false},"excerpt":{"rendered":"<p>Nuestro h\u00e1bitat futuro empieza a construirse desde la necesidad de entenderlo e interpretarlo como una construcci\u00f3n ambiental. \u00bfCon qu\u00e9 valores y acciones del presente?Os animamos a valorar y anticipar c\u00f3mo ser\u00e1 nuestro futuro con el conocimiento y la reflexi\u00f3n de la arquitectura actual de la Barcelona metropolitana. Estas preocupaciones se reflejan en proyectos con apoyos [&hellip;]<\/p>\n","protected":false},"author":26,"featured_media":51851,"parent":0,"menu_order":0,"comment_status":"closed","ping_status":"closed","template":"template-novapagina.php","meta":{"_acf_changed":false,"footnotes":""},"class_list":["post-46917","page","type-page","status-publish","has-post-thumbnail","hentry"],"acf":[],"_links":{"self":[{"href":"https:\/\/www.48hopenhousebarcelona.org\/es\/wp-json\/wp\/v2\/pages\/46917","targetHints":{"allow":["GET"]}}],"collection":[{"href":"https:\/\/www.48hopenhousebarcelona.org\/es\/wp-json\/wp\/v2\/pages"}],"about":[{"href":"https:\/\/www.48hopenhousebarcelona.org\/es\/wp-json\/wp\/v2\/types\/page"}],"author":[{"embeddable":true,"href":"https:\/\/www.48hopenhousebarcelona.org\/es\/wp-json\/wp\/v2\/users\/26"}],"replies":[{"embeddable":true,"href":"https:\/\/www.48hopenhousebarcelona.org\/es\/wp-json\/wp\/v2\/comments?post=46917"}],"version-history":[{"count":15,"href":"https:\/\/www.48hopenhousebarcelona.org\/es\/wp-json\/wp\/v2\/pages\/46917\/revisions"}],"predecessor-version":[{"id":52122,"href":"https:\/\/www.48hopenhousebarcelona.org\/es\/wp-json\/wp\/v2\/pages\/46917\/revisions\/52122"}],"wp:featuredmedia":[{"embeddable":true,"href":"https:\/\/www.48hopenhousebarcelona.org\/es\/wp-json\/wp\/v2\/media\/51851"}],"wp:attachment":[{"href":"https:\/\/www.48hopenhousebarcelona.org\/es\/wp-json\/wp\/v2\/media?parent=46917"}],"curies":[{"name":"wp","href":"https:\/\/api.w.org\/{rel}","templated":true}]}}