{"id":498,"date":"2019-09-03T18:12:28","date_gmt":"2019-09-03T18:12:28","guid":{"rendered":"https:\/\/www.48hopenhousebarcelona.org\/?page_id=314"},"modified":"2019-12-05T09:12:17","modified_gmt":"2019-12-05T09:12:17","slug":"amigas","status":"publish","type":"page","link":"https:\/\/www.48hopenhousebarcelona.org\/es\/amigas\/","title":{"rendered":"Amigas"},"content":{"rendered":"<p><img loading=\"lazy\" decoding=\"async\" class=\"alignnone wp-image-2399 size-large\" src=\"https:\/\/www.48hopenhousebarcelona.org\/wp-content\/uploads\/2019\/09\/open-005-wij_0919-1-1024x683.jpg\" alt=\"\" width=\"640\" height=\"427\" \/><\/p>\n<p>Con la identificaci\u00f3n de Amigas del Festival tendr\u00e1s ventajas especiales durante el festival y el resto del a\u00f1o. Cuando ya seas Amigo del 48h Open House BCN, te entregaremos un pack de bienvenida con la bolsa, el cat\u00e1logo oficial del festival y otros materiales. Podr\u00e1s recogerlo en la semana del festival en Octubre, en nuestra sede de Rambla Catalu\u00f1a 87, 1-D. Estas son las ventajas de los que podr\u00e1s disfrutar como amigo del festival:<\/p>\n<p>VENTAJAS DURANTE EL FESTIVAL 2019<br \/>\n&#8211; Acceso prioritario en los edificios de la programaci\u00f3n del Festival en Barcelona y las ciudades del \u00e1rea metropolitana que participan: Santa Coloma de Gramenet, Vilassar de Dalt, Sant Joan Desp\u00ed, Badalona y L\u2019Hospitalet de Llobregat.<\/p>\n<p>&#8211; Disponer del Cat\u00e1logo del Festival 2019 y de los diferentes materiales OHB.<\/p>\n<p>&#8211; Acceso a primera hora en edificios con visita s\u00f3lo para los micromecenas. A continuaci\u00f3n adjuntamos las visitas de la edici\u00f3n pasada para que te hagas una idea:<\/p>\n<p>ARC DE TRIOMF &#8211; S\u00e1bado y Domingo a las 10 h<br \/>\nRESIDENCIA UNIVERST\u00c1RIA UNIH\u00c0BITAT CIUTAT VELLA &#8211; S\u00e1bado a las 11 h<br \/>\nCASA SAYRACH &#8211; CASA MONTSERRAT &#8211; S\u00e1bado y domingo a las 10:30 h<br \/>\nXARXA CLAVEGUERAM &#8211; S\u00e1bado a las 12:45 h con inscripci\u00f3n pr\u00e9via<br \/>\nK\u00c0LIDA SANT PAU &#8211; S\u00e1bado a las 11 h<br \/>\nFUNDACI\u00d3N PASQUAL MARAGALL &#8211; S\u00e1bado a las 16 h<br \/>\nFUENTE M\u00c1GICA DE MONTJU\u00cfC &#8211; S\u00e1bado a las 18 h<br \/>\nPAVELLONES DE LA SEAT &#8211; Colecci\u00f3n de coches hist\u00f3ricos &#8211; Domingo a las 10 h<br \/>\nTORRES VENECIANAS &#8211; S\u00e1bado y domingo a las 10:00h<br \/>\nVIVIENDA REHABILITADA AL PUTXET &#8211; Domingo a las 16:00h<br \/>\nTORRE DE COLLSEROLA &#8211; Domingo a les 12:00 h<br \/>\nITINERARIO MODERNISMO (Badalona)- S\u00e1bado a las 17:00 h<\/p>\n<p>&#8211; Acceso libre (sin necesidad de inscripci\u00f3n) a itunerarios y a los edificios que requieren inscripci\u00f3n previa (excepto: Xarxa de clavegueram, Dip\u00f2sit d\u2019aig\u00fces pluvials del parc Joan Mir\u00f3, Dip\u00f2sit Pluvial del Parc de les Rieres d&#8217;Horta y la Casa Vicens).<\/p>\n<p>&#8211; Asistir a la Fiesta de Amigos del s\u00e1bado del festival (A\u00fan por confirmar el espacio).<\/p>\n<p>&#8211; Asistir a la Fiesta de Voluntarios del domingo del festival (A\u00fan por confirmar el espacio).<\/p>\n<p>VENTAJAS DURANTE EL A\u00d1O<br \/>\n&#8211; Disfrutar de las visitas exclusivas a lo largo del a\u00f1o 2019\/2020. A continuaci\u00f3n adjuntamos las visitas de la edici\u00f3n pasada que a\u00fan se estan realizando:<\/p>\n<p>Entrega de premios #Opengram19 &#8211; pendiente lugar y d\u00eda.<br \/>\nEntrega de premios #OpenSketch19 &#8211; pendiente lugar y d\u00eda<br \/>\nEntrega de premio Open Foto, premio Josep Llobet &#8211; pendiente lugar y d\u00eda.<br \/>\nVisitas exclusivas durante el a\u00f1o<br \/>\nEsta informaci\u00f3n est\u00e1 sujeta disponibilidad y cambios o actualizaciones de la programaci\u00f3n.<\/p>\n<p>&nbsp;<\/p>\n<p><img decoding=\"async\" src=\"http:\/\/openextra.openhousebarcelona.org\/images\/shop\/crida_amigues.png\" \/><\/p>\n<p><a href=\"http:\/\/openextra.openhousebarcelona.org\/index.php\/es\/\">Compra aqu\u00ed<\/a><\/p>\n<p><a href=\"https:\/\/www.48hopenhousebarcelona.org\/es\/formas-de-patrocinio\/\">Otras formas de colaboraci\u00f3 econ\u00f3mica y patrocinio<\/a><\/p>\n<p>&nbsp;<\/p>\n","protected":false},"excerpt":{"rendered":"<p>Con la identificaci\u00f3n de Amigas del Festival tendr\u00e1s ventajas especiales durante el festival y el resto del a\u00f1o. Cuando ya seas Amigo del 48h Open House BCN, te entregaremos un pack de bienvenida con la bolsa, el cat\u00e1logo oficial del festival y otros materiales. Podr\u00e1s recogerlo en la semana del festival en Octubre, en nuestra [&hellip;]<\/p>\n","protected":false},"author":2,"featured_media":0,"parent":0,"menu_order":0,"comment_status":"closed","ping_status":"closed","template":"","meta":{"_acf_changed":false,"footnotes":""},"class_list":["post-498","page","type-page","status-publish","hentry"],"acf":[],"_links":{"self":[{"href":"https:\/\/www.48hopenhousebarcelona.org\/es\/wp-json\/wp\/v2\/pages\/498","targetHints":{"allow":["GET"]}}],"collection":[{"href":"https:\/\/www.48hopenhousebarcelona.org\/es\/wp-json\/wp\/v2\/pages"}],"about":[{"href":"https:\/\/www.48hopenhousebarcelona.org\/es\/wp-json\/wp\/v2\/types\/page"}],"author":[{"embeddable":true,"href":"https:\/\/www.48hopenhousebarcelona.org\/es\/wp-json\/wp\/v2\/users\/2"}],"replies":[{"embeddable":true,"href":"https:\/\/www.48hopenhousebarcelona.org\/es\/wp-json\/wp\/v2\/comments?post=498"}],"version-history":[{"count":5,"href":"https:\/\/www.48hopenhousebarcelona.org\/es\/wp-json\/wp\/v2\/pages\/498\/revisions"}],"predecessor-version":[{"id":14539,"href":"https:\/\/www.48hopenhousebarcelona.org\/es\/wp-json\/wp\/v2\/pages\/498\/revisions\/14539"}],"wp:attachment":[{"href":"https:\/\/www.48hopenhousebarcelona.org\/es\/wp-json\/wp\/v2\/media?parent=498"}],"curies":[{"name":"wp","href":"https:\/\/api.w.org\/{rel}","templated":true}]}}