{"id":51403,"date":"2025-09-28T16:51:30","date_gmt":"2025-09-28T16:51:30","guid":{"rendered":"https:\/\/www.48hopenhousebarcelona.org\/?page_id=51403"},"modified":"2025-11-20T12:05:21","modified_gmt":"2025-11-20T12:05:21","slug":"com-vols-viure-preparat-per-al-festival-darquitectura-48h-open-house-bcn-2025","status":"publish","type":"page","link":"https:\/\/www.48hopenhousebarcelona.org\/es\/com-vols-viure-preparat-per-al-festival-darquitectura-48h-open-house-bcn-2025\/","title":{"rendered":"PREP\u00c1RATE PARA EL FESTIVAL DE ARQUITECTURA 48H OPEN HOUSE BCN 2025!"},"content":{"rendered":"<h2><span style=\"color: #808080;\">SENT L&#8217;ARQUITECTURA<\/span><br \/><strong>25 Y 26 DE OCTUBRE DE 2025<\/strong><\/h2>\n<p>Una vez al a\u00f1o, durante un \u00fanico fin de semana, el festival 48h Open House BCN invita a m\u00e1s de 76.000 personas a mirar la ciudad con otros ojos. Abrimos puertas que habitualmente est\u00e1n cerradas pero, sobre todo, abrimos conversaciones: sobre arquitectura, sobre ciudad, sobre c\u00f3mo habitamos y transformamos los espacios que nos rodean.<\/p>\n<p>En los \u00faltimos a\u00f1os, el festival ha destacado los oficios, los elementos y las caracter\u00edsticas fundamentales de la arquitectura. En el 2025, la 16\u00aa edici\u00f3n busca pensar la arquitectura desde los sentidos y las sensaciones: porque la arquitectura no es solo lo que vemos, sino tambi\u00e9n lo que escuchamos, olemos y tocamos.<\/p>\n<p>Todos podemos recordar aquellas arquitecturas que m\u00e1s nos han impresionado y condicionado y que conservamos dentro de nosotros principalmente con im\u00e1genes, pero tambi\u00e9n con sonidos, olores o tactos. Diferentes lugares pueden inspirar concentraci\u00f3n, evocar tristeza o darnos una sensaci\u00f3n de libertad, que pueden hacernos sentir c\u00f3modos o ligeros. Cada peque\u00f1o detalle, ya sea un eco, un momento de silencio o un aroma espec\u00edfico, crea una atm\u00f3sfera que puede influir en c\u00f3mo nos sentimos y en las decisiones que tomamos.<\/p>\n<p><strong>SENT L\u2019ARQUITECTURA nos invita a prestar atenci\u00f3n a estas sensaciones cotidianas y a redescubrir nuestro entorno a trav\u00e9s de nuestros sentidos.<\/strong> No se trata solo del dise\u00f1o o la apariencia, sino del impacto que un lugar tiene en nosotros: si nos abraza, si nos da espacio para respirar o si nos permite ser nosotros mismos.<\/p>\n<p>Un a\u00f1o m\u00e1s,\u00a0<strong>Open Petits<\/strong>\u00a0propone un juego especial que consta de descubrir peque\u00f1as casas que estar\u00e1n escondidas en 11 espacios diferentes de las ciudades. Open Kitchen se transforma en <strong>Open Cuina<\/strong> para ofrecer tres recetas dise\u00f1adas especialmente para el festival de este a\u00f1o.<\/p>\n<p>&nbsp;<\/p>\n<hr \/>\n<p>&nbsp;<\/p>\n<p>Desde el 2023, el festival se une a la celebraci\u00f3n de la <a href=\"https:\/\/barcelonadesignweek.com\/es\/\" target=\"_blank\" rel=\"noopener\"><strong>Barcelona Design Week<\/strong><\/a>\u00a0y su iniciativa global de impulsar el objetivo ODS n\u00famero 18 que trata el dise\u00f1o como un elemento clave para el presente y el futuro de las personas. Por eso, el festival ha nombrado el <a href=\"https:\/\/www.48hopenhousebarcelona.org\/es\/els-edificis\/bloc-4-de-can-batllo-futura-seu-de-coopolis\/\" target=\"_blank\" rel=\"noopener\">Bloc4BCN &#8211; ESPAI COOPERATIU<\/a>, al Recinte Can Batll\u00f3,\u00a0como el <strong>EDIFICIO 18<\/strong>, con la idea de resaltar los valores y la importancia del dise\u00f1o de este proyecto.<\/p>\n<p>&nbsp;<\/p>\n<hr \/>\n<p>&nbsp;<\/p>\n<p>A lo largo del festival, exploraremos la ciudad no solo visualmente, sino a trav\u00e9s de nuestros cuerpos. Al fin y al cabo, la arquitectura es tanto sentir como construir.<\/p>\n<p>\u00a1Os animamos a participar en esta 16\u00aa edici\u00f3n del festival de arquitectura 48h Open House BCN!<\/p>\n<p>&nbsp;<\/p>\n<h3><span style=\"color: #808080;\"><strong>\u00bfQu\u00e9 ofrece el 48h Open House BCN 2025?<\/strong><\/span><\/h3>\n<ul>\n<li>7 ciudades: Barcelona, Badalona, L\u2019Hospitalet, Santa Coloma de Gramenet, Sant Joan Desp\u00ed, Vilassar de Dalt y Sitges.<\/li>\n<li>207 actividades en todo el \u00e1mbito geogr\u00e1fico<\/li>\n<li>199 edificios en todo el \u00e1mbito geogr\u00e1fico<\/li>\n<li>136 edificios a Barcelona<\/li>\n<li>8 itinerarios<\/li>\n<li>31 % de novedades en la programaci\u00f3n<\/li>\n<li>M\u00e1s de 45 edificios Open PRO, con la colaboraci\u00f3n de arquitectas y dise\u00f1adores<\/li>\n<li>57 espacios nunca vistos en la programaci\u00f3n<\/li>\n<\/ul>\n<h3><span style=\"color: #808080;\"><strong>Datos importantes<\/strong><\/span><\/h3>\n<ul>\n<li>Convocatoria de voluntariado: desde el 2 de septiembre<\/li>\n<li>Presentaci\u00f3n del festival y de la campa\u00f1a de comunicaci\u00f3n: 6 de octubre, D\u00eda Mundial del H\u00e1bitat<\/li>\n<li>Programaci\u00f3n de edificios e itinerarios en la p\u00e1gina web del festival: desde el 6 de octubre<\/li>\n<li>Apertura de inscripciones para los itinerarios: 20 de octubre a las 20h<\/li>\n<li><strong>Festival de arquitectura 48h Open House BCN: 25 y 26 de octubre<\/strong><\/li>\n<\/ul>\n<h3><span style=\"color: #808080;\"><strong>\u00a0<\/strong><strong>Informaci\u00f3n importante<\/strong><\/span><\/h3>\n<ul>\n<li>El festival de arquitectura 48h Open House BCN es un evento l\u00fadico, <strong>gratuito y abierto a todos<\/strong>, sin venta de entradas y con m\u00e1s de 190 espacios abiertos sin inscripci\u00f3n previa.<\/li>\n<li>Este a\u00f1o, el <a href=\"https:\/\/recomanador.openhousebarcelona.org\" target=\"_blank\" rel=\"noopener\"><strong>recomanador<\/strong><\/a> del festival 48h Open House BCN ofrece la oportunidad de experimentar c\u00f3mo la arquitectura es una forma de arte espacial que apela a nuestros sentidos. Solo se tiene que acceder a la web y contestar las cinco preguntas para ver una lista de los tres edificios m\u00e1s adecuados para cada persona.<\/li>\n<li>El cat\u00e1logo se convirti\u00f3 en una <strong>revista<\/strong>: una gu\u00eda pr\u00e1ctica del festival con recomendaciones para tener la mejor experiencia durante el fin de semana, adem\u00e1s de las diversas actividades que desarrolla la asociaci\u00f3n a lo largo del a\u00f1o.<\/li>\n<li>Volvemos a ofrecer un <strong>mapa impreso<\/strong> que facilita el paseo y la organizaci\u00f3n de las visitas.<\/li>\n<li>El tiempo de espera para acceder a cada edificio seg\u00fan el tama\u00f1o de cada espacio y la cantidad de personas que quieran entrar. Por eso, ponemos a la disposici\u00f3n del p\u00fablico un <strong>mapa<\/strong> que ense\u00f1a, en tiempo real, los espacios con m\u00e1s i menos afluencia de personas; adem\u00e1s, compartimos esta informaci\u00f3n en directo en <strong>nuestras redes sociales<\/strong>.<\/li>\n<\/ul>\n<p>&nbsp;<\/p>\n<p>&nbsp;<\/p>\n","protected":false},"excerpt":{"rendered":"<p>SENT L&#8217;ARQUITECTURA25 Y 26 DE OCTUBRE DE 2025 Una vez al a\u00f1o, durante un \u00fanico fin de semana, el festival 48h Open House BCN invita a m\u00e1s de 76.000 personas a mirar la ciudad con otros ojos. Abrimos puertas que habitualmente est\u00e1n cerradas pero, sobre todo, abrimos conversaciones: sobre arquitectura, sobre ciudad, sobre c\u00f3mo habitamos [&hellip;]<\/p>\n","protected":false},"author":26,"featured_media":56940,"parent":0,"menu_order":0,"comment_status":"closed","ping_status":"closed","template":"template-novapagina.php","meta":{"_acf_changed":false,"footnotes":""},"class_list":["post-51403","page","type-page","status-publish","has-post-thumbnail","hentry"],"acf":[],"_links":{"self":[{"href":"https:\/\/www.48hopenhousebarcelona.org\/es\/wp-json\/wp\/v2\/pages\/51403","targetHints":{"allow":["GET"]}}],"collection":[{"href":"https:\/\/www.48hopenhousebarcelona.org\/es\/wp-json\/wp\/v2\/pages"}],"about":[{"href":"https:\/\/www.48hopenhousebarcelona.org\/es\/wp-json\/wp\/v2\/types\/page"}],"author":[{"embeddable":true,"href":"https:\/\/www.48hopenhousebarcelona.org\/es\/wp-json\/wp\/v2\/users\/26"}],"replies":[{"embeddable":true,"href":"https:\/\/www.48hopenhousebarcelona.org\/es\/wp-json\/wp\/v2\/comments?post=51403"}],"version-history":[{"count":18,"href":"https:\/\/www.48hopenhousebarcelona.org\/es\/wp-json\/wp\/v2\/pages\/51403\/revisions"}],"predecessor-version":[{"id":58144,"href":"https:\/\/www.48hopenhousebarcelona.org\/es\/wp-json\/wp\/v2\/pages\/51403\/revisions\/58144"}],"wp:featuredmedia":[{"embeddable":true,"href":"https:\/\/www.48hopenhousebarcelona.org\/es\/wp-json\/wp\/v2\/media\/56940"}],"wp:attachment":[{"href":"https:\/\/www.48hopenhousebarcelona.org\/es\/wp-json\/wp\/v2\/media?parent=51403"}],"curies":[{"name":"wp","href":"https:\/\/api.w.org\/{rel}","templated":true}]}}