{"id":52592,"date":"2025-09-28T11:52:49","date_gmt":"2025-09-28T11:52:49","guid":{"rendered":"https:\/\/www.48hopenhousebarcelona.org\/open-petits-24\/"},"modified":"2025-10-26T10:07:09","modified_gmt":"2025-10-26T10:07:09","slug":"open-petits-25","status":"publish","type":"page","link":"https:\/\/www.48hopenhousebarcelona.org\/es\/open-petits-25\/","title":{"rendered":"OPEN PETITS"},"content":{"rendered":"\r\n<p class=\"is-layout-flex wp-container-core-columns-is-layout-9d6595d7 wp-block-columns-is-layout-flex\">OPEN PETITS recoge actividades para los menores de 12 a\u00f1os a diferentes espacios de las ciudades: por un lado, re\u00fane visitas interesantes para los menores por el tipo de contenido y, por otra, los peque\u00f1os podr\u00e1n encontrar un juego del Open House que consiste al encontrar peque\u00f1as casas escondidas en 11 espacios diferentes de las ciudades.<\/p>\r\n<p><strong><br \/>INSTRUCCIONES<br \/><br \/><\/strong>1. Mientras haces la visita, busca tres casas peque\u00f1as que est\u00e1n escondidas en el edificio: una de vidrio, una de c\u00e9sped y una de madera.<br \/>2. Cuando encuentres una caseta, la puedes coger con cuidado y buscar un mejor escondrijo!<\/p>\r\n<h3><br \/><strong>ATENCI\u00d3N:<\/strong><\/h3>\r\n<p><strong>Hay 11 edificios d\u00f3nde buscar les casitas:<br \/><br \/><\/strong><\/p>\r\n<p>EN BARCELONA:<\/p>\r\n<p><a href=\"https:\/\/www.48hopenhousebarcelona.org\/es\/els-edificis\/masia-del-jardi-botanic\/\" target=\"_blank\" rel=\"noopener\">Masia del Jard\u00edn Bot\u00e1nico<\/a><\/p>\r\n<p><a href=\"https:\/\/www.48hopenhousebarcelona.org\/ca\/els-edificis\/recinte-fabra-i-coats-espai-vertical-colla-castellera-jove-de-barcelona\/\" target=\"_blank\" rel=\"noopener\">Recinte Fabra i Coats &#8211; Espai Vertical<\/a><\/p>\r\n<p><a href=\"https:\/\/www.48hopenhousebarcelona.org\/ca\/els-edificis\/villa-urania\/\" target=\"_blank\" rel=\"noopener\">Vil\u00b7la Ur\u00e0nia<\/a><\/p>\r\n<p><a href=\"https:\/\/www.48hopenhousebarcelona.org\/ca\/els-edificis\/recinte-sant-pau-escola-infermeria\/\" target=\"_blank\" rel=\"noopener\">Recinte Sant Pau &#8211; Escola Universit\u00e0ria d\u2019Infermeria<\/a><\/p>\r\n<p><a href=\"https:\/\/www.48hopenhousebarcelona.org\/es\/els-edificis\/collegi-darquitectes-de-catalunya\/\" target=\"_blank\" rel=\"noopener\">Colegio de Arquitectos de Catalunya<\/a><\/p>\r\n<p>&nbsp;<\/p>\r\n<p>BADALONA:<br \/><a href=\"https:\/\/www.48hopenhousebarcelona.org\/es\/els-edificis\/ca-lamigo-i-nou-jardi\/\" target=\"_blank\" rel=\"noopener\">Ca l&#8217;Amig\u00f3 y nuevo jard\u00edn<\/a><\/p>\r\n<p>&nbsp;<\/p>\r\n<p>SANT JOAN DESP\u00cd:<br \/><a href=\"https:\/\/www.48hopenhousebarcelona.org\/ca\/els-edificis\/can-negre\/\" target=\"_blank\" rel=\"noopener\">Can Negre<\/a><\/p>\r\n<p>&nbsp;<\/p>\r\n<p>SANTA COLOMA DE GRAMENET:<br \/><a href=\"https:\/\/www.48hopenhousebarcelona.org\/es\/els-edificis\/recinte-torribera-esglesia\/\" target=\"_blank\" rel=\"noopener\">Recinte Torribera &#8211; Iglesia<\/a><\/p>\r\n<p>&nbsp;<\/p>\r\n<p>SITGES:<br \/><a href=\"https:\/\/www.48hopenhousebarcelona.org\/ca\/els-edificis\/casa-miquel-utrillo-biblioteca-santiago-rusinol\/\" target=\"_blank\" rel=\"noopener\">Biblioteca Santiago Rusi\u00f1ol (Casa Miquel Utrillo)<\/a><\/p>\r\n<p><br \/>L&#8217;HOSPITALET:<br \/><a href=\"https:\/\/www.48hopenhousebarcelona.org\/es\/els-edificis\/can-buxeres\/\" target=\"_blank\" rel=\"noopener\">Palacete de Can Buxeres<\/a><\/p>\r\n<p><br \/>VILASSAR DE DALT:<br \/><a href=\"https:\/\/www.48hopenhousebarcelona.org\/es\/els-edificis\/nau-nova-fabrica-de-can-manyer\/\" target=\"_blank\" rel=\"noopener\">Nave nueva de Can Manyer<\/a><\/p>\r\n<p>&nbsp;<\/p>\r\n<h3>Adem\u00e1s, en otros espacios se har\u00e1n visitas divertidas para los peque\u00f1os:<\/h3>\r\n<p><a href=\"https:\/\/www.48hopenhousebarcelona.org\/es\/els-edificis\/facultat-de-nautica-de-barcelona-upc\/\" target=\"_blank\" rel=\"noopener\">Facultad de N\u00e1utica de Barcelona &#8211; UPC<\/a><\/p>\r\n<p><a href=\"https:\/\/www.48hopenhousebarcelona.org\/es\/els-edificis\/torre-de-bombers-a-la-vall-dhebron\/\" target=\"_blank\" rel=\"noopener\">Torre de Bomberos en Vall d&#8217;Hebron<\/a><\/p>\r\n<p><a href=\"https:\/\/www.48hopenhousebarcelona.org\/es\/els-edificis\/edifici-media-tic\/\" target=\"_blank\" rel=\"noopener\">MEDIA-TIC<\/a><\/p>\r\n<p><a href=\"https:\/\/www.48hopenhousebarcelona.org\/es\/els-edificis\/museu-de-badalona-i-jardi-quint-licini\/\" target=\"_blank\" rel=\"noopener\">Museo de Badalona<\/a><\/p>\r\n<p><a href=\"https:\/\/www.48hopenhousebarcelona.org\/es\/els-edificis\/taller-bdn\/\" target=\"_blank\" rel=\"noopener\">Taller BDN<\/a><\/p>\r\n<p><a href=\"https:\/\/www.48hopenhousebarcelona.org\/es\/els-edificis\/modul-projecte-de-regeneracio-urbana-de-lespai-de-matacavalls\/\" target=\"_blank\" rel=\"noopener\">M\u00f2dul: proyecto de regeneraci\u00f3n urbana en el espacio de Matacavalls<\/a><\/p>\r\n<p><a href=\"https:\/\/www.48hopenhousebarcelona.org\/ca\/els-edificis\/torre-de-la-creu\/\" target=\"_blank\" rel=\"noopener\">Torre de la Creu<\/a><\/p>\r\n<p>&nbsp;<\/p>\r\n<p>&nbsp;<\/p>\r\n<p>&nbsp;<\/p>\r\n","protected":false},"excerpt":{"rendered":"<p>OPEN PETITS recoge actividades para los menores de 12 a\u00f1os a diferentes espacios de las ciudades: por un lado, re\u00fane visitas interesantes para los menores por el tipo de contenido y, por otra, los peque\u00f1os podr\u00e1n encontrar un juego del Open House que consiste al encontrar peque\u00f1as casas escondidas en 11 espacios diferentes de las [&hellip;]<\/p>\n","protected":false},"author":26,"featured_media":57174,"parent":0,"menu_order":0,"comment_status":"closed","ping_status":"closed","template":"template-novapagina.php","meta":{"_acf_changed":false,"footnotes":""},"class_list":["post-52592","page","type-page","status-publish","has-post-thumbnail","hentry"],"acf":[],"_links":{"self":[{"href":"https:\/\/www.48hopenhousebarcelona.org\/es\/wp-json\/wp\/v2\/pages\/52592","targetHints":{"allow":["GET"]}}],"collection":[{"href":"https:\/\/www.48hopenhousebarcelona.org\/es\/wp-json\/wp\/v2\/pages"}],"about":[{"href":"https:\/\/www.48hopenhousebarcelona.org\/es\/wp-json\/wp\/v2\/types\/page"}],"author":[{"embeddable":true,"href":"https:\/\/www.48hopenhousebarcelona.org\/es\/wp-json\/wp\/v2\/users\/26"}],"replies":[{"embeddable":true,"href":"https:\/\/www.48hopenhousebarcelona.org\/es\/wp-json\/wp\/v2\/comments?post=52592"}],"version-history":[{"count":9,"href":"https:\/\/www.48hopenhousebarcelona.org\/es\/wp-json\/wp\/v2\/pages\/52592\/revisions"}],"predecessor-version":[{"id":57896,"href":"https:\/\/www.48hopenhousebarcelona.org\/es\/wp-json\/wp\/v2\/pages\/52592\/revisions\/57896"}],"wp:featuredmedia":[{"embeddable":true,"href":"https:\/\/www.48hopenhousebarcelona.org\/es\/wp-json\/wp\/v2\/media\/57174"}],"wp:attachment":[{"href":"https:\/\/www.48hopenhousebarcelona.org\/es\/wp-json\/wp\/v2\/media?parent=52592"}],"curies":[{"name":"wp","href":"https:\/\/api.w.org\/{rel}","templated":true}]}}